{"id":2,"date":"2025-07-01T07:33:50","date_gmt":"2025-07-01T07:33:50","guid":{"rendered":"https:\/\/gtwpresales.fi\/?page_id=2"},"modified":"2025-07-02T11:01:43","modified_gmt":"2025-07-02T11:01:43","slug":"tietoa-meista","status":"publish","type":"page","link":"https:\/\/gtwpresales.fi\/index.php\/tietoa-meista\/","title":{"rendered":"Tietoa meist\u00e4"},"content":{"rendered":"\n<p><p data-start=\"91\" data-end=\"399\">GTW PreSales perustettiin vuonna 2024 tukemaan GTW Groupin osaomistamien yhti\u00f6iden myynti\u00e4 ja liidien hankintaa. Nopeasti huomasimme, ett\u00e4 tarve tehokkaalle ja k\u00e4yt\u00e4nn\u00f6nl\u00e4heiselle myynnin tuelle on paljon laajempi. Moni yritys kaipaa apua myynnin kasvattamiseen, mutta harvalla on resursseja rakentaa omaa tiimi\u00e4.<\/p><br><p data-start=\"401\" data-end=\"635\">GTW PreSales yhdist\u00e4\u00e4 prospektoinnin, soittoty\u00f6n, sis\u00e4ll\u00f6ntuotannon ja myynnin tukitoimet yhdeksi toimivaksi kokonaisuudeksi. Asiakas saa k\u00e4ytt\u00f6\u00f6ns\u00e4 osaamisen ja tekemisen, joka vastaa kokonaista tiimi\u00e4 \u2013 selke\u00e4sti kustannustehokkaammin kuin yhden henkil\u00f6n palkkaaminen.<br><\/p><br><p data-start=\"637\" data-end=\"817\" data-is-last-node=\"\" data-is-only-node=\"\">Tavoitteemme on tuottaa tuloksia. Tarjoamme selke\u00e4n suunnitelman, jatkuvaa tekemist\u00e4 ja konkreettisia toimenpiteit\u00e4, joilla myynti l\u00e4htee liikkeelle heti.<br><\/p><\/p>\n","protected":false},"excerpt":{"rendered":"<p>GTW PreSales perustettiin vuonna 2024 tukemaan GTW Groupin osaomistamien yhti\u00f6iden myynti\u00e4 ja liidien hankintaa. Nopeasti huomasimme, ett\u00e4 tarve tehokkaalle ja k\u00e4yt\u00e4nn\u00f6nl\u00e4heiselle myynnin tuelle on paljon laajempi. Moni yritys kaipaa apua myynnin kasvattamiseen, mutta harvalla on resursseja rakentaa omaa tiimi\u00e4. GTW PreSales yhdist\u00e4\u00e4 prospektoinnin, soittoty\u00f6n, sis\u00e4ll\u00f6ntuotannon ja myynnin tukitoimet yhdeksi toimivaksi kokonaisuudeksi. Asiakas saa k\u00e4ytt\u00f6\u00f6ns\u00e4 osaamisen [&hellip;]<\/p>\n","protected":false},"author":1,"featured_media":8,"parent":0,"menu_order":0,"comment_status":"closed","ping_status":"open","template":"","meta":{"footnotes":""},"class_list":["post-2","page","type-page","status-publish","has-post-thumbnail","hentry"],"yoast_head":"<!-- This site is optimized with the Yoast SEO plugin v27.3 - https:\/\/yoast.com\/product\/yoast-seo-wordpress\/ -->\n<title>Tietoa meist\u00e4 - Myynti seuraa tekemist\u00e4.<\/title>\n<meta name=\"description\" content=\"L\u00e4hes jokainen yritys tarvitsee apua myynnin kasvattamiseen, mutta kaikilla ei ole varaa palkata erillisi\u00e4 ihmisi\u00e4 jokaiseen teht\u00e4v\u00e4\u00e4n.\" \/>\n<meta name=\"robots\" content=\"index, follow, max-snippet:-1, max-image-preview:large, max-video-preview:-1\" \/>\n<link rel=\"canonical\" href=\"https:\/\/gtwpresales.fi\/index.php\/tietoa-meista\/\" \/>\n<meta property=\"og:locale\" content=\"fi_FI\" \/>\n<meta property=\"og:type\" content=\"article\" \/>\n<meta property=\"og:title\" content=\"Tietoa meist\u00e4 - Myynti seuraa tekemist\u00e4.\" \/>\n<meta property=\"og:description\" content=\"L\u00e4hes jokainen yritys tarvitsee apua myynnin kasvattamiseen, mutta kaikilla ei ole varaa palkata erillisi\u00e4 ihmisi\u00e4 jokaiseen teht\u00e4v\u00e4\u00e4n.\" \/>\n<meta property=\"og:url\" content=\"https:\/\/gtwpresales.fi\/index.php\/tietoa-meista\/\" \/>\n<meta property=\"og:site_name\" content=\"Myynti seuraa tekemist\u00e4.\" \/>\n<meta property=\"article:modified_time\" content=\"2025-07-02T11:01:43+00:00\" \/>\n<meta property=\"og:image\" content=\"https:\/\/gtwpresales.fi\/wp-content\/uploads\/2025\/07\/ChatGPT-Image-1.-heinak.-2025-klo-11.17.01-1024x683.png\" \/>\n\t<meta property=\"og:image:width\" content=\"1024\" \/>\n\t<meta property=\"og:image:height\" content=\"683\" \/>\n\t<meta property=\"og:image:type\" content=\"image\/png\" \/>\n<meta name=\"twitter:card\" content=\"summary_large_image\" \/>\n<meta name=\"twitter:label1\" content=\"Arvioitu lukuaika\" \/>\n\t<meta name=\"twitter:data1\" content=\"1 minuutti\" \/>\n<script type=\"application\/ld+json\" class=\"yoast-schema-graph\">{\"@context\":\"https:\\\/\\\/schema.org\",\"@graph\":[{\"@type\":\"WebPage\",\"@id\":\"https:\\\/\\\/gtwpresales.fi\\\/index.php\\\/tietoa-meista\\\/\",\"url\":\"https:\\\/\\\/gtwpresales.fi\\\/index.php\\\/tietoa-meista\\\/\",\"name\":\"Tietoa meist\u00e4 - Myynti seuraa tekemist\u00e4.\",\"isPartOf\":{\"@id\":\"https:\\\/\\\/gtwpresales.fi\\\/#website\"},\"primaryImageOfPage\":{\"@id\":\"https:\\\/\\\/gtwpresales.fi\\\/index.php\\\/tietoa-meista\\\/#primaryimage\"},\"image\":{\"@id\":\"https:\\\/\\\/gtwpresales.fi\\\/index.php\\\/tietoa-meista\\\/#primaryimage\"},\"thumbnailUrl\":\"https:\\\/\\\/gtwpresales.fi\\\/wp-content\\\/uploads\\\/2025\\\/07\\\/ChatGPT-Image-1.-heinak.-2025-klo-11.17.01.png\",\"datePublished\":\"2025-07-01T07:33:50+00:00\",\"dateModified\":\"2025-07-02T11:01:43+00:00\",\"description\":\"L\u00e4hes jokainen yritys tarvitsee apua myynnin kasvattamiseen, mutta kaikilla ei ole varaa palkata erillisi\u00e4 ihmisi\u00e4 jokaiseen teht\u00e4v\u00e4\u00e4n.\",\"breadcrumb\":{\"@id\":\"https:\\\/\\\/gtwpresales.fi\\\/index.php\\\/tietoa-meista\\\/#breadcrumb\"},\"inLanguage\":\"fi\",\"potentialAction\":[{\"@type\":\"ReadAction\",\"target\":[\"https:\\\/\\\/gtwpresales.fi\\\/index.php\\\/tietoa-meista\\\/\"]}]},{\"@type\":\"ImageObject\",\"inLanguage\":\"fi\",\"@id\":\"https:\\\/\\\/gtwpresales.fi\\\/index.php\\\/tietoa-meista\\\/#primaryimage\",\"url\":\"https:\\\/\\\/gtwpresales.fi\\\/wp-content\\\/uploads\\\/2025\\\/07\\\/ChatGPT-Image-1.-heinak.-2025-klo-11.17.01.png\",\"contentUrl\":\"https:\\\/\\\/gtwpresales.fi\\\/wp-content\\\/uploads\\\/2025\\\/07\\\/ChatGPT-Image-1.-heinak.-2025-klo-11.17.01.png\",\"width\":1536,\"height\":1024},{\"@type\":\"BreadcrumbList\",\"@id\":\"https:\\\/\\\/gtwpresales.fi\\\/index.php\\\/tietoa-meista\\\/#breadcrumb\",\"itemListElement\":[{\"@type\":\"ListItem\",\"position\":1,\"name\":\"Etusivu\",\"item\":\"https:\\\/\\\/gtwpresales.fi\\\/\"},{\"@type\":\"ListItem\",\"position\":2,\"name\":\"Tietoa meist\u00e4\"}]},{\"@type\":\"WebSite\",\"@id\":\"https:\\\/\\\/gtwpresales.fi\\\/#website\",\"url\":\"https:\\\/\\\/gtwpresales.fi\\\/\",\"name\":\"Myynti seuraa tekemist\u00e4.\",\"description\":\"\",\"publisher\":{\"@id\":\"https:\\\/\\\/gtwpresales.fi\\\/#organization\"},\"potentialAction\":[{\"@type\":\"SearchAction\",\"target\":{\"@type\":\"EntryPoint\",\"urlTemplate\":\"https:\\\/\\\/gtwpresales.fi\\\/?s={search_term_string}\"},\"query-input\":{\"@type\":\"PropertyValueSpecification\",\"valueRequired\":true,\"valueName\":\"search_term_string\"}}],\"inLanguage\":\"fi\"},{\"@type\":\"Organization\",\"@id\":\"https:\\\/\\\/gtwpresales.fi\\\/#organization\",\"name\":\"Myynti seuraa tekemist\u00e4.\",\"url\":\"https:\\\/\\\/gtwpresales.fi\\\/\",\"logo\":{\"@type\":\"ImageObject\",\"inLanguage\":\"fi\",\"@id\":\"https:\\\/\\\/gtwpresales.fi\\\/#\\\/schema\\\/logo\\\/image\\\/\",\"url\":\"https:\\\/\\\/gtwpresales.fi\\\/wp-content\\\/uploads\\\/2025\\\/07\\\/20250701_1233_Logo-ilman-taustaa_remix_01jz2n7889e1ptspjfv9hznczm.png\",\"contentUrl\":\"https:\\\/\\\/gtwpresales.fi\\\/wp-content\\\/uploads\\\/2025\\\/07\\\/20250701_1233_Logo-ilman-taustaa_remix_01jz2n7889e1ptspjfv9hznczm.png\",\"width\":1536,\"height\":1024,\"caption\":\"Myynti seuraa tekemist\u00e4.\"},\"image\":{\"@id\":\"https:\\\/\\\/gtwpresales.fi\\\/#\\\/schema\\\/logo\\\/image\\\/\"}}]}<\/script>\n<!-- \/ Yoast SEO plugin. -->","yoast_head_json":{"title":"Tietoa meist\u00e4 - Myynti seuraa tekemist\u00e4.","description":"L\u00e4hes jokainen yritys tarvitsee apua myynnin kasvattamiseen, mutta kaikilla ei ole varaa palkata erillisi\u00e4 ihmisi\u00e4 jokaiseen teht\u00e4v\u00e4\u00e4n.","robots":{"index":"index","follow":"follow","max-snippet":"max-snippet:-1","max-image-preview":"max-image-preview:large","max-video-preview":"max-video-preview:-1"},"canonical":"https:\/\/gtwpresales.fi\/index.php\/tietoa-meista\/","og_locale":"fi_FI","og_type":"article","og_title":"Tietoa meist\u00e4 - Myynti seuraa tekemist\u00e4.","og_description":"L\u00e4hes jokainen yritys tarvitsee apua myynnin kasvattamiseen, mutta kaikilla ei ole varaa palkata erillisi\u00e4 ihmisi\u00e4 jokaiseen teht\u00e4v\u00e4\u00e4n.","og_url":"https:\/\/gtwpresales.fi\/index.php\/tietoa-meista\/","og_site_name":"Myynti seuraa tekemist\u00e4.","article_modified_time":"2025-07-02T11:01:43+00:00","og_image":[{"width":1024,"height":683,"url":"https:\/\/gtwpresales.fi\/wp-content\/uploads\/2025\/07\/ChatGPT-Image-1.-heinak.-2025-klo-11.17.01-1024x683.png","type":"image\/png"}],"twitter_card":"summary_large_image","twitter_misc":{"Arvioitu lukuaika":"1 minuutti"},"schema":{"@context":"https:\/\/schema.org","@graph":[{"@type":"WebPage","@id":"https:\/\/gtwpresales.fi\/index.php\/tietoa-meista\/","url":"https:\/\/gtwpresales.fi\/index.php\/tietoa-meista\/","name":"Tietoa meist\u00e4 - Myynti seuraa tekemist\u00e4.","isPartOf":{"@id":"https:\/\/gtwpresales.fi\/#website"},"primaryImageOfPage":{"@id":"https:\/\/gtwpresales.fi\/index.php\/tietoa-meista\/#primaryimage"},"image":{"@id":"https:\/\/gtwpresales.fi\/index.php\/tietoa-meista\/#primaryimage"},"thumbnailUrl":"https:\/\/gtwpresales.fi\/wp-content\/uploads\/2025\/07\/ChatGPT-Image-1.-heinak.-2025-klo-11.17.01.png","datePublished":"2025-07-01T07:33:50+00:00","dateModified":"2025-07-02T11:01:43+00:00","description":"L\u00e4hes jokainen yritys tarvitsee apua myynnin kasvattamiseen, mutta kaikilla ei ole varaa palkata erillisi\u00e4 ihmisi\u00e4 jokaiseen teht\u00e4v\u00e4\u00e4n.","breadcrumb":{"@id":"https:\/\/gtwpresales.fi\/index.php\/tietoa-meista\/#breadcrumb"},"inLanguage":"fi","potentialAction":[{"@type":"ReadAction","target":["https:\/\/gtwpresales.fi\/index.php\/tietoa-meista\/"]}]},{"@type":"ImageObject","inLanguage":"fi","@id":"https:\/\/gtwpresales.fi\/index.php\/tietoa-meista\/#primaryimage","url":"https:\/\/gtwpresales.fi\/wp-content\/uploads\/2025\/07\/ChatGPT-Image-1.-heinak.-2025-klo-11.17.01.png","contentUrl":"https:\/\/gtwpresales.fi\/wp-content\/uploads\/2025\/07\/ChatGPT-Image-1.-heinak.-2025-klo-11.17.01.png","width":1536,"height":1024},{"@type":"BreadcrumbList","@id":"https:\/\/gtwpresales.fi\/index.php\/tietoa-meista\/#breadcrumb","itemListElement":[{"@type":"ListItem","position":1,"name":"Etusivu","item":"https:\/\/gtwpresales.fi\/"},{"@type":"ListItem","position":2,"name":"Tietoa meist\u00e4"}]},{"@type":"WebSite","@id":"https:\/\/gtwpresales.fi\/#website","url":"https:\/\/gtwpresales.fi\/","name":"Myynti seuraa tekemist\u00e4.","description":"","publisher":{"@id":"https:\/\/gtwpresales.fi\/#organization"},"potentialAction":[{"@type":"SearchAction","target":{"@type":"EntryPoint","urlTemplate":"https:\/\/gtwpresales.fi\/?s={search_term_string}"},"query-input":{"@type":"PropertyValueSpecification","valueRequired":true,"valueName":"search_term_string"}}],"inLanguage":"fi"},{"@type":"Organization","@id":"https:\/\/gtwpresales.fi\/#organization","name":"Myynti seuraa tekemist\u00e4.","url":"https:\/\/gtwpresales.fi\/","logo":{"@type":"ImageObject","inLanguage":"fi","@id":"https:\/\/gtwpresales.fi\/#\/schema\/logo\/image\/","url":"https:\/\/gtwpresales.fi\/wp-content\/uploads\/2025\/07\/20250701_1233_Logo-ilman-taustaa_remix_01jz2n7889e1ptspjfv9hznczm.png","contentUrl":"https:\/\/gtwpresales.fi\/wp-content\/uploads\/2025\/07\/20250701_1233_Logo-ilman-taustaa_remix_01jz2n7889e1ptspjfv9hznczm.png","width":1536,"height":1024,"caption":"Myynti seuraa tekemist\u00e4."},"image":{"@id":"https:\/\/gtwpresales.fi\/#\/schema\/logo\/image\/"}}]}},"_links":{"self":[{"href":"https:\/\/gtwpresales.fi\/index.php\/wp-json\/wp\/v2\/pages\/2","targetHints":{"allow":["GET"]}}],"collection":[{"href":"https:\/\/gtwpresales.fi\/index.php\/wp-json\/wp\/v2\/pages"}],"about":[{"href":"https:\/\/gtwpresales.fi\/index.php\/wp-json\/wp\/v2\/types\/page"}],"author":[{"embeddable":true,"href":"https:\/\/gtwpresales.fi\/index.php\/wp-json\/wp\/v2\/users\/1"}],"replies":[{"embeddable":true,"href":"https:\/\/gtwpresales.fi\/index.php\/wp-json\/wp\/v2\/comments?post=2"}],"version-history":[{"count":3,"href":"https:\/\/gtwpresales.fi\/index.php\/wp-json\/wp\/v2\/pages\/2\/revisions"}],"predecessor-version":[{"id":115,"href":"https:\/\/gtwpresales.fi\/index.php\/wp-json\/wp\/v2\/pages\/2\/revisions\/115"}],"wp:featuredmedia":[{"embeddable":true,"href":"https:\/\/gtwpresales.fi\/index.php\/wp-json\/wp\/v2\/media\/8"}],"wp:attachment":[{"href":"https:\/\/gtwpresales.fi\/index.php\/wp-json\/wp\/v2\/media?parent=2"}],"curies":[{"name":"wp","href":"https:\/\/api.w.org\/{rel}","templated":true}]}}